{"id":9096,"date":"2024-02-23T07:56:27","date_gmt":"2024-02-23T07:56:27","guid":{"rendered":"https:\/\/engadiner.it\/?page_id=9096"},"modified":"2025-10-29T14:41:47","modified_gmt":"2025-10-29T14:41:47","slug":"nordic-walking","status":"publish","type":"page","link":"https:\/\/engadiner.it\/it\/nordic-walking\/","title":{"rendered":"Nordic Walking"},"content":{"rendered":"\t\t<div data-elementor-type=\"wp-page\" data-elementor-id=\"9096\" class=\"elementor elementor-9096\">\n\t\t\t\t\t\t<section class=\"elementor-section elementor-top-section elementor-element elementor-element-70763b89 elementor-section-full_width elementor-section-stretched elementor-section-height-default elementor-section-height-default qodef-elementor-content-no\" data-id=\"70763b89\" data-element_type=\"section\" data-settings=\"{&quot;background_background&quot;:&quot;classic&quot;,&quot;stretch_section&quot;:&quot;section-stretched&quot;}\">\n\t\t\t\t\t\t<div class=\"elementor-container elementor-column-gap-no\">\n\t\t\t\t\t<div class=\"elementor-column elementor-col-100 elementor-top-column elementor-element elementor-element-24ade984\" data-id=\"24ade984\" data-element_type=\"column\">\n\t\t\t<div class=\"elementor-widget-wrap elementor-element-populated\">\n\t\t\t\t\t\t<div class=\"elementor-element elementor-element-4912a398 elementor-widget elementor-widget-qi_addons_for_elementor_image_slider\" data-id=\"4912a398\" data-element_type=\"widget\" data-widget_type=\"qi_addons_for_elementor_image_slider.default\">\n\t\t\t\t<div class=\"elementor-widget-container\">\n\t\t\t\t\t<div class=\"qodef-shortcode qodef-m qodef-qi-image-slider qodef-qi-fslightbox-popup qodef-popup-gallery qodef-col-num--1 qodef-qi-grid qodef-qi-swiper-container qodef-navigation--inside qodef-navigation--hover-move\" data-options=\"{&quot;direction&quot;:&quot;horizontal&quot;,&quot;slidesPerView&quot;:&quot;1&quot;,&quot;spaceBetween&quot;:30,&quot;spaceBetweenTablet&quot;:30,&quot;spaceBetweenMobile&quot;:30,&quot;effect&quot;:&quot;slide&quot;,&quot;loop&quot;:false,&quot;autoplay&quot;:true,&quot;centeredSlides&quot;:true,&quot;speed&quot;:&quot;&quot;,&quot;speedAnimation&quot;:&quot;&quot;,&quot;outsideNavigation&quot;:&quot;no&quot;,&quot;outsidePagination&quot;:&quot;no&quot;,&quot;unique&quot;:522,&quot;partialValue&quot;:0,&quot;disablePartialValue&quot;:&quot;&quot;,&quot;parallax&quot;:&quot;no&quot;}\">\n\t<div class=\"swiper-wrapper\">\n\t\t<div class=\"qodef-e swiper-slide\">\n\t<div class=\"qodef-e-inner\">\n\t\t<div class=\"qodef-e-inner-holder\">\n\t\t\t\t\t\t\t<a class=\"qodef-popup-item\" itemprop=\"image\" href=\"https:\/\/engadiner.it\/wp-content\/uploads\/2024\/02\/nordic_walking_1-scaled-e1711095787688.jpg\" data-type=\"image\" data-fslightbox=\"gallery-522\" data-e-disable-page-transition=\u201dtrue\u201d>\n\t\t\t\t\t\t\t<img fetchpriority=\"high\" decoding=\"async\" width=\"1527\" height=\"1356\" src=\"https:\/\/engadiner.it\/wp-content\/uploads\/2024\/02\/nordic_walking_1-scaled-e1711095787688.jpg\" class=\"attachment-full size-full\" alt=\"\" srcset=\"https:\/\/engadiner.it\/wp-content\/uploads\/2024\/02\/nordic_walking_1-scaled-e1711095787688.jpg 1527w, https:\/\/engadiner.it\/wp-content\/uploads\/2024\/02\/nordic_walking_1-scaled-e1711095787688-300x266.jpg 300w, https:\/\/engadiner.it\/wp-content\/uploads\/2024\/02\/nordic_walking_1-scaled-e1711095787688-1024x909.jpg 1024w, https:\/\/engadiner.it\/wp-content\/uploads\/2024\/02\/nordic_walking_1-scaled-e1711095787688-768x682.jpg 768w\" sizes=\"(max-width: 1527px) 100vw, 1527px\" \/>\t\t\t\t\t\t\t<\/a>\n\t\t\t\t\t<\/div>\n\t<\/div>\n\t<\/div>\n<div class=\"qodef-e swiper-slide\">\n\t<div class=\"qodef-e-inner\">\n\t\t<div class=\"qodef-e-inner-holder\">\n\t\t\t\t\t\t\t<a class=\"qodef-popup-item\" itemprop=\"image\" href=\"https:\/\/engadiner.it\/wp-content\/uploads\/2024\/02\/nordic_walking_3-scaled.jpg\" data-type=\"image\" data-fslightbox=\"gallery-522\" data-e-disable-page-transition=\u201dtrue\u201d>\n\t\t\t\t\t\t\t<img decoding=\"async\" width=\"2560\" height=\"1707\" src=\"https:\/\/engadiner.it\/wp-content\/uploads\/2024\/02\/nordic_walking_3-scaled.jpg\" class=\"attachment-full size-full\" alt=\"\" srcset=\"https:\/\/engadiner.it\/wp-content\/uploads\/2024\/02\/nordic_walking_3-scaled.jpg 2560w, https:\/\/engadiner.it\/wp-content\/uploads\/2024\/02\/nordic_walking_3-300x200.jpg 300w, https:\/\/engadiner.it\/wp-content\/uploads\/2024\/02\/nordic_walking_3-1024x683.jpg 1024w, https:\/\/engadiner.it\/wp-content\/uploads\/2024\/02\/nordic_walking_3-768x512.jpg 768w, https:\/\/engadiner.it\/wp-content\/uploads\/2024\/02\/nordic_walking_3-1536x1024.jpg 1536w, https:\/\/engadiner.it\/wp-content\/uploads\/2024\/02\/nordic_walking_3-2048x1365.jpg 2048w\" sizes=\"(max-width: 2560px) 100vw, 2560px\" \/>\t\t\t\t\t\t\t<\/a>\n\t\t\t\t\t<\/div>\n\t<\/div>\n\t<\/div>\n<div class=\"qodef-e swiper-slide\">\n\t<div class=\"qodef-e-inner\">\n\t\t<div class=\"qodef-e-inner-holder\">\n\t\t\t\t\t\t\t<a class=\"qodef-popup-item\" itemprop=\"image\" href=\"https:\/\/engadiner.it\/wp-content\/uploads\/2024\/02\/nordic_walking_4-scaled-e1708675929776.jpg\" data-type=\"image\" data-fslightbox=\"gallery-522\" data-e-disable-page-transition=\u201dtrue\u201d>\n\t\t\t\t\t\t\t<img decoding=\"async\" width=\"2560\" height=\"938\" src=\"https:\/\/engadiner.it\/wp-content\/uploads\/2024\/02\/nordic_walking_4-scaled-e1708675929776.jpg\" class=\"attachment-full size-full\" alt=\"\" srcset=\"https:\/\/engadiner.it\/wp-content\/uploads\/2024\/02\/nordic_walking_4-scaled-e1708675929776.jpg 2560w, https:\/\/engadiner.it\/wp-content\/uploads\/2024\/02\/nordic_walking_4-scaled-e1708675929776-300x110.jpg 300w, https:\/\/engadiner.it\/wp-content\/uploads\/2024\/02\/nordic_walking_4-scaled-e1708675929776-1024x375.jpg 1024w, https:\/\/engadiner.it\/wp-content\/uploads\/2024\/02\/nordic_walking_4-scaled-e1708675929776-768x281.jpg 768w, https:\/\/engadiner.it\/wp-content\/uploads\/2024\/02\/nordic_walking_4-scaled-e1708675929776-1536x563.jpg 1536w, https:\/\/engadiner.it\/wp-content\/uploads\/2024\/02\/nordic_walking_4-scaled-e1708675929776-2048x750.jpg 2048w\" sizes=\"(max-width: 2560px) 100vw, 2560px\" \/>\t\t\t\t\t\t\t<\/a>\n\t\t\t\t\t<\/div>\n\t<\/div>\n\t<\/div>\n\t<\/div>\n\t\t<div class=\"swiper-button-prev\"><svg aria-hidden=\"true\" class=\"e-font-icon-svg e-fas-chevron-left\" viewBox=\"0 0 320 512\" xmlns=\"http:\/\/www.w3.org\/2000\/svg\"><path d=\"M34.52 239.03L228.87 44.69c9.37-9.37 24.57-9.37 33.94 0l22.67 22.67c9.36 9.36 9.37 24.52.04 33.9L131.49 256l154.02 154.75c9.34 9.38 9.32 24.54-.04 33.9l-22.67 22.67c-9.37 9.37-24.57 9.37-33.94 0L34.52 272.97c-9.37-9.37-9.37-24.57 0-33.94z\"><\/path><\/svg><\/div>\n\t<div class=\"swiper-button-next\"><svg aria-hidden=\"true\" class=\"e-font-icon-svg e-fas-chevron-right\" viewBox=\"0 0 320 512\" xmlns=\"http:\/\/www.w3.org\/2000\/svg\"><path d=\"M285.476 272.971L91.132 467.314c-9.373 9.373-24.569 9.373-33.941 0l-22.667-22.667c-9.357-9.357-9.375-24.522-.04-33.901L188.505 256 34.484 101.255c-9.335-9.379-9.317-24.544.04-33.901l22.667-22.667c9.373-9.373 24.569-9.373 33.941 0L285.475 239.03c9.373 9.372 9.373 24.568.001 33.941z\"><\/path><\/svg><\/div>\n<\/div>\n\t\t\t\t<\/div>\n\t\t\t\t<\/div>\n\t\t\t\t\t<\/div>\n\t\t<\/div>\n\t\t\t\t\t<\/div>\n\t\t<\/section>\n\t\t<div class=\"elementor-element elementor-element-3ca7ad3 e-flex e-con-boxed e-con e-parent\" data-id=\"3ca7ad3\" data-element_type=\"container\" data-settings=\"{&quot;background_background&quot;:&quot;classic&quot;}\">\n\t\t\t\t\t<div class=\"e-con-inner\">\n\t\t\t\t<div class=\"elementor-element elementor-element-baa4934 elementor-widget elementor-widget-chalet_core_section_title\" data-id=\"baa4934\" data-element_type=\"widget\" data-widget_type=\"chalet_core_section_title.default\">\n\t\t\t\t<div class=\"elementor-widget-container\">\n\t\t\t\t\t<div class=\"qodef-shortcode qodef-m  qodef-section-title qodef-alignment--left   qodef--has-appear\">\n\t\t<h2 class=\"qodef-m-title\" >\n\t\t\t\t\tNordic <span class=\"qodef-custom-styles\">Walking<\/span>\t\t\t<\/h2>\n\t\t<\/div>\n\t\t\t\t<\/div>\n\t\t\t\t<\/div>\n\t\t\t\t\t<\/div>\n\t\t\t\t<\/div>\n\t\t\t\t<section class=\"elementor-section elementor-top-section elementor-element elementor-element-605af9a elementor-section-full_width qodef-elementor-content-grid elementor-hidden-mobile elementor-hidden-tablet elementor-section-height-default elementor-section-height-default\" data-id=\"605af9a\" data-element_type=\"section\" data-settings=\"{&quot;background_background&quot;:&quot;classic&quot;}\">\n\t\t\t\t\t\t<div class=\"elementor-container elementor-column-gap-default\">\n\t\t\t\t\t<div class=\"elementor-column elementor-col-100 elementor-top-column elementor-element elementor-element-24bf5a8\" data-id=\"24bf5a8\" data-element_type=\"column\">\n\t\t\t<div class=\"elementor-widget-wrap elementor-element-populated\">\n\t\t\t\t\t\t<div class=\"elementor-element elementor-element-27c688c elementor-widget elementor-widget-spacer\" data-id=\"27c688c\" data-element_type=\"widget\" data-widget_type=\"spacer.default\">\n\t\t\t\t<div class=\"elementor-widget-container\">\n\t\t\t\t\t\t\t<div class=\"elementor-spacer\">\n\t\t\t<div class=\"elementor-spacer-inner\"><\/div>\n\t\t<\/div>\n\t\t\t\t\t\t<\/div>\n\t\t\t\t<\/div>\n\t\t\t\t<div class=\"elementor-element elementor-element-4898689 elementor-invisible elementor-widget elementor-widget-qi_addons_for_elementor_section_title\" data-id=\"4898689\" data-element_type=\"widget\" data-settings=\"{&quot;_animation&quot;:&quot;fadeIn&quot;}\" data-widget_type=\"qi_addons_for_elementor_section_title.default\">\n\t\t\t\t<div class=\"elementor-widget-container\">\n\t\t\t\t\t<div class=\"qodef-shortcode qodef-m qodef-qi-section-title qodef-decoration--italic qodef-link--underline-draw qodef-subtitle-icon--left\">\n\t\t\t\t\t\t\t\t<div class=\"qodef-m-text\"><p style=\"font-size: 18px\"><strong>Una volta alla settimana<\/strong>, tutto l'anno a richiesta, organizziamo <strong>un'escursione di Nordic Walking<\/strong> attraverso il <strong>villaggio di Montagna<\/strong>.<br \/>Il Nordic Walking \u00e8 lo sport ideale per <strong>allenare e alleviare le articolazioni<\/strong>. Camminando con i bastoncini, <strong>si allena tutto il corpo<\/strong>.<br \/>\u00c8 adatto a <strong>tutte le et\u00e0<\/strong> e la nostra zona \u00e8 ideale per questo sport. <strong>Brigitte<\/strong> \u00e8 <strong>un'istruttrice<\/strong> di base di <strong>Nordic Walking<\/strong> e sar\u00e0 lieta di esplorare la zona con voi.<\/p><\/div>\n\t<\/div>\n\t\t\t\t<\/div>\n\t\t\t\t<\/div>\n\t\t\t\t<div class=\"elementor-element elementor-element-f3de533 elementor-widget elementor-widget-spacer\" data-id=\"f3de533\" data-element_type=\"widget\" data-widget_type=\"spacer.default\">\n\t\t\t\t<div class=\"elementor-widget-container\">\n\t\t\t\t\t\t\t<div class=\"elementor-spacer\">\n\t\t\t<div class=\"elementor-spacer-inner\"><\/div>\n\t\t<\/div>\n\t\t\t\t\t\t<\/div>\n\t\t\t\t<\/div>\n\t\t\t\t\t<\/div>\n\t\t<\/div>\n\t\t\t\t\t<\/div>\n\t\t<\/section>\n\t\t<div class=\"elementor-element elementor-element-09d5cf5 e-con-full elementor-hidden-desktop e-flex e-con e-parent\" data-id=\"09d5cf5\" data-element_type=\"container\">\n\t\t<div class=\"elementor-element elementor-element-301b20e e-con-full e-flex e-con e-child\" data-id=\"301b20e\" data-element_type=\"container\">\n\t\t\t\t<div class=\"elementor-element elementor-element-8696749 elementor-invisible elementor-widget elementor-widget-qi_addons_for_elementor_section_title\" data-id=\"8696749\" data-element_type=\"widget\" data-settings=\"{&quot;_animation&quot;:&quot;fadeIn&quot;}\" data-widget_type=\"qi_addons_for_elementor_section_title.default\">\n\t\t\t\t<div class=\"elementor-widget-container\">\n\t\t\t\t\t<div class=\"qodef-shortcode qodef-m qodef-qi-section-title qodef-decoration--italic qodef-link--underline-draw qodef-subtitle-icon--left\">\n\t\t\t\t\t\t\t\t<div class=\"qodef-m-text\"><p style=\"font-size: 18px\"><strong>Una volta alla settimana<\/strong>, durante tutto l'anno, organizziamo <strong>un'escursione di Nordic Walking<\/strong> attraverso il <strong>villaggio di Montagna<\/strong>.<br \/>Il Nordic Walking \u00e8 lo sport ideale per <strong>allenare e alleviare le articolazioni<\/strong>. Camminando con i bastoncini, <strong>si allena tutto il corpo<\/strong>.<br \/>\u00c8 adatto a <strong>tutte le et\u00e0<\/strong> e la nostra zona \u00e8 ideale per questo sport. <strong>Brigitte<\/strong> \u00e8 <strong>un'istruttrice<\/strong> di base di <strong>Nordic Walking<\/strong> e sar\u00e0 lieta di esplorare la zona con voi.<\/p><\/div>\n\t<\/div>\n\t\t\t\t<\/div>\n\t\t\t\t<\/div>\n\t\t\t\t<div class=\"elementor-element elementor-element-ad8645c elementor-widget elementor-widget-spacer\" data-id=\"ad8645c\" data-element_type=\"widget\" data-widget_type=\"spacer.default\">\n\t\t\t\t<div class=\"elementor-widget-container\">\n\t\t\t\t\t\t\t<div class=\"elementor-spacer\">\n\t\t\t<div class=\"elementor-spacer-inner\"><\/div>\n\t\t<\/div>\n\t\t\t\t\t\t<\/div>\n\t\t\t\t<\/div>\n\t\t\t\t<\/div>\n\t\t\t\t<\/div>\n\t\t\t\t<section class=\"elementor-section elementor-top-section elementor-element elementor-element-5c0fe1c elementor-section-full_width qodef-elementor-content-grid elementor-hidden-mobile elementor-hidden-tablet elementor-section-height-default elementor-section-height-default\" data-id=\"5c0fe1c\" data-element_type=\"section\" data-settings=\"{&quot;background_background&quot;:&quot;classic&quot;}\">\n\t\t\t\t\t\t<div class=\"elementor-container elementor-column-gap-default\">\n\t\t\t\t\t<div class=\"elementor-column elementor-col-100 elementor-top-column elementor-element elementor-element-0d1d988\" data-id=\"0d1d988\" data-element_type=\"column\">\n\t\t\t<div class=\"elementor-widget-wrap elementor-element-populated\">\n\t\t\t\t\t\t<div class=\"elementor-element elementor-element-5714b1a elementor-widget elementor-widget-chalet_core_section_title\" data-id=\"5714b1a\" data-element_type=\"widget\" data-widget_type=\"chalet_core_section_title.default\">\n\t\t\t\t<div class=\"elementor-widget-container\">\n\t\t\t\t\t<div class=\"qodef-shortcode qodef-m  qodef-section-title qodef-alignment--left   qodef--has-appear\">\n\t\t<h4 class=\"qodef-m-title\" >\n\t\t\t\t\tAttivit\u00e0\t\t\t<\/h4>\n\t\t<\/div>\n\t\t\t\t<\/div>\n\t\t\t\t<\/div>\n\t\t\t\t<div class=\"elementor-element elementor-element-d1058df elementor-invisible elementor-widget elementor-widget-qi_addons_for_elementor_section_title\" data-id=\"d1058df\" data-element_type=\"widget\" data-settings=\"{&quot;_animation&quot;:&quot;fadeIn&quot;}\" data-widget_type=\"qi_addons_for_elementor_section_title.default\">\n\t\t\t\t<div class=\"elementor-widget-container\">\n\t\t\t\t\t<div class=\"qodef-shortcode qodef-m qodef-qi-section-title qodef-decoration--italic qodef-link--underline-draw qodef-subtitle-icon--left\">\n\t\t\t\t\t\t\t\t<div class=\"qodef-m-text\"><p style=\"font-size: 18px\"><span style=\"letter-spacing: 0.02em\">Ci incontriamo al parcheggio. Dopo un breve riscaldamento, prendiamo i bastoncini e ci incamminiamo lungo l'ex tracciato della ferrovia della Val di Fiemme. Il percorso diretto ci porta a passare davanti a un piccolo percorso Kneipp. Ci piace toglierci scarpe e calze per fare un rapido tuffo nell'acqua fredda. Ci asciugamo rapidamente dall'acqua, indossiamo calze e scarpe e continuiamo a camminare. Successivamente torniamo al villaggio di Montagna. Una volta arrivati in paese, ci rilassiamo con un \"caff\u00e8 Kneipp\" vicino alla fontana del villaggio. Facciamo ancora qualche esercizio di stretching e poi <\/span>coccoliamo il nostro corpo e la nostra anima per il resto della giornata.<\/p><\/div>\n\t<\/div>\n\t\t\t\t<\/div>\n\t\t\t\t<\/div>\n\t\t\t\t<div class=\"elementor-element elementor-element-ebff723 elementor-widget elementor-widget-spacer\" data-id=\"ebff723\" data-element_type=\"widget\" data-widget_type=\"spacer.default\">\n\t\t\t\t<div class=\"elementor-widget-container\">\n\t\t\t\t\t\t\t<div class=\"elementor-spacer\">\n\t\t\t<div class=\"elementor-spacer-inner\"><\/div>\n\t\t<\/div>\n\t\t\t\t\t\t<\/div>\n\t\t\t\t<\/div>\n\t\t\t\t\t<\/div>\n\t\t<\/div>\n\t\t\t\t\t<\/div>\n\t\t<\/section>\n\t\t<div class=\"elementor-element elementor-element-5019a4f e-con-full elementor-hidden-desktop e-flex e-con e-parent\" data-id=\"5019a4f\" data-element_type=\"container\">\n\t\t<div class=\"elementor-element elementor-element-c326ba7 e-con-full e-flex e-con e-child\" data-id=\"c326ba7\" data-element_type=\"container\">\n\t\t\t\t<div class=\"elementor-element elementor-element-c81dcfb elementor-widget elementor-widget-chalet_core_section_title\" data-id=\"c81dcfb\" data-element_type=\"widget\" data-widget_type=\"chalet_core_section_title.default\">\n\t\t\t\t<div class=\"elementor-widget-container\">\n\t\t\t\t\t<div class=\"qodef-shortcode qodef-m  qodef-section-title qodef-alignment--left   qodef--has-appear\">\n\t\t<h4 class=\"qodef-m-title\" >\n\t\t\t\t\tAttivit\u00e0\t\t\t<\/h4>\n\t\t<\/div>\n\t\t\t\t<\/div>\n\t\t\t\t<\/div>\n\t\t\t\t<div class=\"elementor-element elementor-element-7281ea8 elementor-invisible elementor-widget elementor-widget-qi_addons_for_elementor_section_title\" data-id=\"7281ea8\" data-element_type=\"widget\" data-settings=\"{&quot;_animation&quot;:&quot;fadeIn&quot;}\" data-widget_type=\"qi_addons_for_elementor_section_title.default\">\n\t\t\t\t<div class=\"elementor-widget-container\">\n\t\t\t\t\t<div class=\"qodef-shortcode qodef-m qodef-qi-section-title qodef-decoration--italic qodef-link--underline-draw qodef-subtitle-icon--left\">\n\t\t\t\t\t\t\t\t<div class=\"qodef-m-text\"><p style=\"font-size: 18px\"><span style=\"letter-spacing: 0.02em\">Ci incontriamo al parcheggio. Dopo un breve riscaldamento, prendiamo i bastoncini e ci incamminiamo lungo l'ex tracciato della ferrovia della Val di Fiemme. Il percorso diretto ci porta a passare davanti a un piccolo percorso Kneipp. Ci piace toglierci scarpe e calze per fare un rapido tuffo nell'acqua fredda. Ci asciugamo rapidamente dall'acqua, indossiamo calze e scarpe e continuiamo a camminare. Successivamente torniamo al villaggio di Montagna. Una volta arrivati in paese, ci rilassiamo con un \"caff\u00e8 Kneipp\" vicino alla fontana del villaggio. Facciamo ancora qualche esercizio di stretching e poi <\/span>coccoliamo il nostro corpo e la nostra anima per il resto della giornata.<\/p><\/div>\n\t<\/div>\n\t\t\t\t<\/div>\n\t\t\t\t<\/div>\n\t\t\t\t<div class=\"elementor-element elementor-element-ea9d4aa elementor-widget elementor-widget-spacer\" data-id=\"ea9d4aa\" data-element_type=\"widget\" data-widget_type=\"spacer.default\">\n\t\t\t\t<div class=\"elementor-widget-container\">\n\t\t\t\t\t\t\t<div class=\"elementor-spacer\">\n\t\t\t<div class=\"elementor-spacer-inner\"><\/div>\n\t\t<\/div>\n\t\t\t\t\t\t<\/div>\n\t\t\t\t<\/div>\n\t\t\t\t<\/div>\n\t\t\t\t<\/div>\n\t\t\t\t<section class=\"elementor-section elementor-top-section elementor-element elementor-element-dd95fde elementor-section-full_width qodef-elementor-content-grid elementor-hidden-mobile elementor-hidden-tablet elementor-section-height-default elementor-section-height-default\" data-id=\"dd95fde\" data-element_type=\"section\" data-settings=\"{&quot;background_background&quot;:&quot;classic&quot;}\">\n\t\t\t\t\t\t<div class=\"elementor-container elementor-column-gap-default\">\n\t\t\t\t\t<div class=\"elementor-column elementor-col-100 elementor-top-column elementor-element elementor-element-0d34ef7\" data-id=\"0d34ef7\" data-element_type=\"column\">\n\t\t\t<div class=\"elementor-widget-wrap elementor-element-populated\">\n\t\t\t\t\t\t<div class=\"elementor-element elementor-element-f38e524 elementor-widget elementor-widget-chalet_core_section_title\" data-id=\"f38e524\" data-element_type=\"widget\" data-widget_type=\"chalet_core_section_title.default\">\n\t\t\t\t<div class=\"elementor-widget-container\">\n\t\t\t\t\t<div class=\"qodef-shortcode qodef-m  qodef-section-title qodef-alignment--left   qodef--has-appear\">\n\t\t<h4 class=\"qodef-m-title\" >\n\t\t\t\t\tIdratati con le nostre bevande esclusive\t\t\t<\/h4>\n\t\t<\/div>\n\t\t\t\t<\/div>\n\t\t\t\t<\/div>\n\t\t\t\t<div class=\"elementor-element elementor-element-7aa9030 elementor-invisible elementor-widget elementor-widget-qi_addons_for_elementor_section_title\" data-id=\"7aa9030\" data-element_type=\"widget\" data-settings=\"{&quot;_animation&quot;:&quot;fadeIn&quot;}\" data-widget_type=\"qi_addons_for_elementor_section_title.default\">\n\t\t\t\t<div class=\"elementor-widget-container\">\n\t\t\t\t\t<div class=\"qodef-shortcode qodef-m qodef-qi-section-title qodef-decoration--italic qodef-link--underline-draw qodef-subtitle-icon--left\">\n\t\t\t\t\t\t\t\t<div class=\"qodef-m-text\"><p style=\"font-size: 18px\"><strong>Bevanda sportiva ideale<br \/><\/strong>La bevanda sportiva ideale \u00e8 uno <strong>spritz alla mela<\/strong> (succo di mela dell'Engadiner con acqua minerale), la bevanda energetica per chi \u00e8 in movimento.<br \/>Le mele fresche dell'Engadiner sono un concentrato di energia!<\/p><p style=\"font-size: 18px\"><strong> Bevanda rinfrescante in estate<\/strong><br \/>Versare acqua fredda su alcuni rametti di <strong>melissa<\/strong>, aggiungere alcuni cubetti di <strong>ghiaccio<\/strong> e <strong>limoni freschi<\/strong> o succo di limone. Niente di meglio per <strong>combattere la sete<\/strong> quando fa <strong>caldo<\/strong>. La melissa ha un effetto <strong>rilassante e calmante<\/strong>.<\/p><\/div>\n\t<\/div>\n\t\t\t\t<\/div>\n\t\t\t\t<\/div>\n\t\t\t\t<div class=\"elementor-element elementor-element-ddf12ca elementor-widget elementor-widget-spacer\" data-id=\"ddf12ca\" data-element_type=\"widget\" data-widget_type=\"spacer.default\">\n\t\t\t\t<div class=\"elementor-widget-container\">\n\t\t\t\t\t\t\t<div class=\"elementor-spacer\">\n\t\t\t<div class=\"elementor-spacer-inner\"><\/div>\n\t\t<\/div>\n\t\t\t\t\t\t<\/div>\n\t\t\t\t<\/div>\n\t\t\t\t\t<\/div>\n\t\t<\/div>\n\t\t\t\t\t<\/div>\n\t\t<\/section>\n\t\t<div class=\"elementor-element elementor-element-eca4d97 e-con-full elementor-hidden-desktop e-flex e-con e-parent\" data-id=\"eca4d97\" data-element_type=\"container\">\n\t\t<div class=\"elementor-element elementor-element-8cc8057 e-con-full e-flex e-con e-child\" data-id=\"8cc8057\" data-element_type=\"container\">\n\t\t\t\t<div class=\"elementor-element elementor-element-a5c5ecb elementor-widget elementor-widget-chalet_core_section_title\" data-id=\"a5c5ecb\" data-element_type=\"widget\" data-widget_type=\"chalet_core_section_title.default\">\n\t\t\t\t<div class=\"elementor-widget-container\">\n\t\t\t\t\t<div class=\"qodef-shortcode qodef-m  qodef-section-title qodef-alignment--left   qodef--has-appear\">\n\t\t<h4 class=\"qodef-m-title\" >\n\t\t\t\t\tIdratati con le nostre bevande esclusive\t\t\t<\/h4>\n\t\t<\/div>\n\t\t\t\t<\/div>\n\t\t\t\t<\/div>\n\t\t\t\t<div class=\"elementor-element elementor-element-a73930a elementor-invisible elementor-widget elementor-widget-qi_addons_for_elementor_section_title\" data-id=\"a73930a\" data-element_type=\"widget\" data-settings=\"{&quot;_animation&quot;:&quot;fadeIn&quot;}\" data-widget_type=\"qi_addons_for_elementor_section_title.default\">\n\t\t\t\t<div class=\"elementor-widget-container\">\n\t\t\t\t\t<div class=\"qodef-shortcode qodef-m qodef-qi-section-title qodef-decoration--italic qodef-link--underline-draw qodef-subtitle-icon--left\">\n\t\t\t\t\t\t\t\t<div class=\"qodef-m-text\"><p style=\"font-size: 18px\"><strong>Bevanda sportiva ideale<br \/><\/strong>La bevanda sportiva ideale \u00e8 uno <strong>spritz alla mela<\/strong> (succo di mela dell'Engadiner con acqua minerale), la bevanda energetica per chi \u00e8 in movimento.<br \/>Le mele fresche dell'Engadiner sono un concentrato di energia!<\/p><p style=\"font-size: 18px\"><strong> Bevanda rinfrescante in estate<\/strong><br \/>Versare acqua fredda su alcuni rametti di <strong>melissa<\/strong>, aggiungere alcuni cubetti di <strong>ghiaccio<\/strong> e <strong>limoni freschi<\/strong> o succo di limone. Niente di meglio per <strong>combattere la sete<\/strong> quando fa <strong>caldo<\/strong>. La melissa ha un effetto <strong>rilassante e calmante<\/strong>.<\/p><\/div>\n\t<\/div>\n\t\t\t\t<\/div>\n\t\t\t\t<\/div>\n\t\t\t\t<div class=\"elementor-element elementor-element-671a2ac elementor-widget elementor-widget-spacer\" data-id=\"671a2ac\" data-element_type=\"widget\" data-widget_type=\"spacer.default\">\n\t\t\t\t<div class=\"elementor-widget-container\">\n\t\t\t\t\t\t\t<div class=\"elementor-spacer\">\n\t\t\t<div class=\"elementor-spacer-inner\"><\/div>\n\t\t<\/div>\n\t\t\t\t\t\t<\/div>\n\t\t\t\t<\/div>\n\t\t\t\t<\/div>\n\t\t\t\t<\/div>\n\t\t\t\t<\/div>\n\t\t","protected":false},"excerpt":{"rendered":"<p>Nordic Walking Una volta alla settimana, tutto l&#8217;anno a richiesta, organizziamo un&#8217;escursione di Nordic Walking attraverso il villaggio di Montagna.Il Nordic Walking \u00e8 lo sport ideale per allenare e alleviare le articolazioni. Camminando con i bastoncini, si allena tutto il corpo.\u00c8 adatto a tutte le et\u00e0 e la nostra zona \u00e8 ideale per questo sport. [&hellip;]<\/p>\n","protected":false},"author":1,"featured_media":0,"parent":0,"menu_order":0,"comment_status":"closed","ping_status":"closed","template":"","meta":{"footnotes":""},"class_list":["post-9096","page","type-page","status-publish","hentry"],"_links":{"self":[{"href":"https:\/\/engadiner.it\/it\/wp-json\/wp\/v2\/pages\/9096","targetHints":{"allow":["GET"]}}],"collection":[{"href":"https:\/\/engadiner.it\/it\/wp-json\/wp\/v2\/pages"}],"about":[{"href":"https:\/\/engadiner.it\/it\/wp-json\/wp\/v2\/types\/page"}],"author":[{"embeddable":true,"href":"https:\/\/engadiner.it\/it\/wp-json\/wp\/v2\/users\/1"}],"replies":[{"embeddable":true,"href":"https:\/\/engadiner.it\/it\/wp-json\/wp\/v2\/comments?post=9096"}],"version-history":[{"count":0,"href":"https:\/\/engadiner.it\/it\/wp-json\/wp\/v2\/pages\/9096\/revisions"}],"wp:attachment":[{"href":"https:\/\/engadiner.it\/it\/wp-json\/wp\/v2\/media?parent=9096"}],"curies":[{"name":"wp","href":"https:\/\/api.w.org\/{rel}","templated":true}]}}