{"id":8926,"date":"2024-02-21T18:37:09","date_gmt":"2024-02-21T18:37:09","guid":{"rendered":"https:\/\/engadiner.it\/?page_id=8926"},"modified":"2025-10-29T14:22:16","modified_gmt":"2025-10-29T14:22:16","slug":"kerner-k21","status":"publish","type":"page","link":"https:\/\/engadiner.it\/it\/kerner-k21\/","title":{"rendered":"Kerner &#8220;K21&#8221;"},"content":{"rendered":"\t\t<div data-elementor-type=\"wp-page\" data-elementor-id=\"8926\" class=\"elementor elementor-8926\">\n\t\t\t\t\t\t<section class=\"elementor-section elementor-top-section elementor-element elementor-element-70763b89 elementor-section-full_width elementor-section-stretched elementor-hidden-desktop elementor-hidden-tablet elementor-hidden-mobile elementor-section-height-default elementor-section-height-default qodef-elementor-content-no\" data-id=\"70763b89\" data-element_type=\"section\" data-settings=\"{&quot;background_background&quot;:&quot;classic&quot;,&quot;stretch_section&quot;:&quot;section-stretched&quot;}\">\n\t\t\t\t\t\t<div class=\"elementor-container elementor-column-gap-no\">\n\t\t\t\t\t<div class=\"elementor-column elementor-col-100 elementor-top-column elementor-element elementor-element-24ade984\" data-id=\"24ade984\" data-element_type=\"column\">\n\t\t\t<div class=\"elementor-widget-wrap elementor-element-populated\">\n\t\t\t\t\t\t<div class=\"elementor-element elementor-element-4912a398 elementor-widget elementor-widget-qi_addons_for_elementor_image_slider\" data-id=\"4912a398\" data-element_type=\"widget\" data-widget_type=\"qi_addons_for_elementor_image_slider.default\">\n\t\t\t\t<div class=\"elementor-widget-container\">\n\t\t\t\t\t<div class=\"qodef-shortcode qodef-m qodef-qi-image-slider qodef-qi-fslightbox-popup qodef-popup-gallery qodef-col-num--1 qodef-qi-grid qodef-qi-swiper-container\" data-options=\"{&quot;direction&quot;:&quot;horizontal&quot;,&quot;slidesPerView&quot;:&quot;1&quot;,&quot;spaceBetween&quot;:30,&quot;spaceBetweenTablet&quot;:30,&quot;spaceBetweenMobile&quot;:30,&quot;effect&quot;:&quot;slide&quot;,&quot;loop&quot;:false,&quot;autoplay&quot;:true,&quot;centeredSlides&quot;:true,&quot;speed&quot;:&quot;&quot;,&quot;speedAnimation&quot;:&quot;&quot;,&quot;outsideNavigation&quot;:&quot;no&quot;,&quot;outsidePagination&quot;:&quot;no&quot;,&quot;unique&quot;:358,&quot;partialValue&quot;:0,&quot;disablePartialValue&quot;:&quot;&quot;,&quot;parallax&quot;:&quot;no&quot;}\">\n\t<div class=\"swiper-wrapper\">\n\t\t<div class=\"qodef-e swiper-slide\">\n\t<div class=\"qodef-e-inner\">\n\t\t<div class=\"qodef-e-inner-holder\">\n\t\t\t\t\t\t\t<a class=\"qodef-popup-item\" itemprop=\"image\" href=\"https:\/\/engadiner.it\/wp-content\/uploads\/2024\/02\/vino_1-scaled.jpg\" data-type=\"image\" data-fslightbox=\"gallery-358\" data-e-disable-page-transition=\u201dtrue\u201d>\n\t\t\t\t\t\t\t<img fetchpriority=\"high\" decoding=\"async\" width=\"2560\" height=\"1707\" src=\"https:\/\/engadiner.it\/wp-content\/uploads\/2024\/02\/vino_1-scaled.jpg\" class=\"attachment-full size-full\" alt=\"\" srcset=\"https:\/\/engadiner.it\/wp-content\/uploads\/2024\/02\/vino_1-scaled.jpg 2560w, https:\/\/engadiner.it\/wp-content\/uploads\/2024\/02\/vino_1-300x200.jpg 300w, https:\/\/engadiner.it\/wp-content\/uploads\/2024\/02\/vino_1-1024x683.jpg 1024w, https:\/\/engadiner.it\/wp-content\/uploads\/2024\/02\/vino_1-768x512.jpg 768w, https:\/\/engadiner.it\/wp-content\/uploads\/2024\/02\/vino_1-1536x1024.jpg 1536w, https:\/\/engadiner.it\/wp-content\/uploads\/2024\/02\/vino_1-2048x1365.jpg 2048w\" sizes=\"(max-width: 2560px) 100vw, 2560px\" \/>\t\t\t\t\t\t\t<\/a>\n\t\t\t\t\t<\/div>\n\t<\/div>\n\t<\/div>\n<div class=\"qodef-e swiper-slide\">\n\t<div class=\"qodef-e-inner\">\n\t\t<div class=\"qodef-e-inner-holder\">\n\t\t\t\t\t\t\t<a class=\"qodef-popup-item\" itemprop=\"image\" href=\"https:\/\/engadiner.it\/wp-content\/uploads\/2024\/02\/vino_2-scaled.jpg\" data-type=\"image\" data-fslightbox=\"gallery-358\" data-e-disable-page-transition=\u201dtrue\u201d>\n\t\t\t\t\t\t\t<img decoding=\"async\" width=\"2560\" height=\"1707\" src=\"https:\/\/engadiner.it\/wp-content\/uploads\/2024\/02\/vino_2-scaled.jpg\" class=\"attachment-full size-full\" alt=\"\" srcset=\"https:\/\/engadiner.it\/wp-content\/uploads\/2024\/02\/vino_2-scaled.jpg 2560w, https:\/\/engadiner.it\/wp-content\/uploads\/2024\/02\/vino_2-300x200.jpg 300w, https:\/\/engadiner.it\/wp-content\/uploads\/2024\/02\/vino_2-1024x683.jpg 1024w, https:\/\/engadiner.it\/wp-content\/uploads\/2024\/02\/vino_2-768x512.jpg 768w, https:\/\/engadiner.it\/wp-content\/uploads\/2024\/02\/vino_2-1536x1024.jpg 1536w, https:\/\/engadiner.it\/wp-content\/uploads\/2024\/02\/vino_2-2048x1365.jpg 2048w\" sizes=\"(max-width: 2560px) 100vw, 2560px\" \/>\t\t\t\t\t\t\t<\/a>\n\t\t\t\t\t<\/div>\n\t<\/div>\n\t<\/div>\n<div class=\"qodef-e swiper-slide\">\n\t<div class=\"qodef-e-inner\">\n\t\t<div class=\"qodef-e-inner-holder\">\n\t\t\t\t\t\t\t<a class=\"qodef-popup-item\" itemprop=\"image\" href=\"https:\/\/engadiner.it\/wp-content\/uploads\/2024\/02\/vino_3-scaled.jpg\" data-type=\"image\" data-fslightbox=\"gallery-358\" data-e-disable-page-transition=\u201dtrue\u201d>\n\t\t\t\t\t\t\t<img decoding=\"async\" width=\"2560\" height=\"1707\" src=\"https:\/\/engadiner.it\/wp-content\/uploads\/2024\/02\/vino_3-scaled.jpg\" class=\"attachment-full size-full\" alt=\"\" srcset=\"https:\/\/engadiner.it\/wp-content\/uploads\/2024\/02\/vino_3-scaled.jpg 2560w, https:\/\/engadiner.it\/wp-content\/uploads\/2024\/02\/vino_3-300x200.jpg 300w, https:\/\/engadiner.it\/wp-content\/uploads\/2024\/02\/vino_3-1024x683.jpg 1024w, https:\/\/engadiner.it\/wp-content\/uploads\/2024\/02\/vino_3-768x512.jpg 768w, https:\/\/engadiner.it\/wp-content\/uploads\/2024\/02\/vino_3-1536x1024.jpg 1536w, https:\/\/engadiner.it\/wp-content\/uploads\/2024\/02\/vino_3-2048x1365.jpg 2048w\" sizes=\"(max-width: 2560px) 100vw, 2560px\" \/>\t\t\t\t\t\t\t<\/a>\n\t\t\t\t\t<\/div>\n\t<\/div>\n\t<\/div>\n<div class=\"qodef-e swiper-slide\">\n\t<div class=\"qodef-e-inner\">\n\t\t<div class=\"qodef-e-inner-holder\">\n\t\t\t\t\t\t\t<a class=\"qodef-popup-item\" itemprop=\"image\" href=\"https:\/\/engadiner.it\/wp-content\/uploads\/2024\/02\/vino_4-1-scaled.jpg\" data-type=\"image\" data-fslightbox=\"gallery-358\" data-e-disable-page-transition=\u201dtrue\u201d>\n\t\t\t\t\t\t\t<img loading=\"lazy\" decoding=\"async\" width=\"2560\" height=\"1707\" src=\"https:\/\/engadiner.it\/wp-content\/uploads\/2024\/02\/vino_4-1-scaled.jpg\" class=\"attachment-full size-full\" alt=\"\" srcset=\"https:\/\/engadiner.it\/wp-content\/uploads\/2024\/02\/vino_4-1-scaled.jpg 2560w, https:\/\/engadiner.it\/wp-content\/uploads\/2024\/02\/vino_4-1-300x200.jpg 300w, https:\/\/engadiner.it\/wp-content\/uploads\/2024\/02\/vino_4-1-1024x683.jpg 1024w, https:\/\/engadiner.it\/wp-content\/uploads\/2024\/02\/vino_4-1-768x512.jpg 768w, https:\/\/engadiner.it\/wp-content\/uploads\/2024\/02\/vino_4-1-1536x1024.jpg 1536w, https:\/\/engadiner.it\/wp-content\/uploads\/2024\/02\/vino_4-1-2048x1365.jpg 2048w\" sizes=\"(max-width: 2560px) 100vw, 2560px\" \/>\t\t\t\t\t\t\t<\/a>\n\t\t\t\t\t<\/div>\n\t<\/div>\n\t<\/div>\n<div class=\"qodef-e swiper-slide\">\n\t<div class=\"qodef-e-inner\">\n\t\t<div class=\"qodef-e-inner-holder\">\n\t\t\t\t\t\t\t<a class=\"qodef-popup-item\" itemprop=\"image\" href=\"https:\/\/engadiner.it\/wp-content\/uploads\/2024\/02\/vino_5-scaled.jpg\" data-type=\"image\" data-fslightbox=\"gallery-358\" data-e-disable-page-transition=\u201dtrue\u201d>\n\t\t\t\t\t\t\t<img loading=\"lazy\" decoding=\"async\" width=\"2560\" height=\"1707\" src=\"https:\/\/engadiner.it\/wp-content\/uploads\/2024\/02\/vino_5-scaled.jpg\" class=\"attachment-full size-full\" alt=\"\" srcset=\"https:\/\/engadiner.it\/wp-content\/uploads\/2024\/02\/vino_5-scaled.jpg 2560w, https:\/\/engadiner.it\/wp-content\/uploads\/2024\/02\/vino_5-300x200.jpg 300w, https:\/\/engadiner.it\/wp-content\/uploads\/2024\/02\/vino_5-1024x683.jpg 1024w, https:\/\/engadiner.it\/wp-content\/uploads\/2024\/02\/vino_5-768x512.jpg 768w, https:\/\/engadiner.it\/wp-content\/uploads\/2024\/02\/vino_5-1536x1024.jpg 1536w, https:\/\/engadiner.it\/wp-content\/uploads\/2024\/02\/vino_5-2048x1365.jpg 2048w\" sizes=\"(max-width: 2560px) 100vw, 2560px\" \/>\t\t\t\t\t\t\t<\/a>\n\t\t\t\t\t<\/div>\n\t<\/div>\n\t<\/div>\n\t<\/div>\n\t<\/div>\n\t\t\t\t<\/div>\n\t\t\t\t<\/div>\n\t\t\t\t\t<\/div>\n\t\t<\/div>\n\t\t\t\t\t<\/div>\n\t\t<\/section>\n\t\t\t\t<section class=\"elementor-section elementor-top-section elementor-element elementor-element-605af9a elementor-section-full_width qodef-elementor-content-grid elementor-section-height-default elementor-section-height-default\" data-id=\"605af9a\" data-element_type=\"section\" data-settings=\"{&quot;background_background&quot;:&quot;classic&quot;}\">\n\t\t\t\t\t\t<div class=\"elementor-container elementor-column-gap-default\">\n\t\t\t\t\t<div class=\"elementor-column elementor-col-100 elementor-top-column elementor-element elementor-element-24bf5a8\" data-id=\"24bf5a8\" data-element_type=\"column\">\n\t\t\t<div class=\"elementor-widget-wrap elementor-element-populated\">\n\t\t\t\t\t\t<div class=\"elementor-element elementor-element-2473691 elementor-widget elementor-widget-image\" data-id=\"2473691\" data-element_type=\"widget\" data-widget_type=\"image.default\">\n\t\t\t\t<div class=\"elementor-widget-container\">\n\t\t\t\t\t\t\t\t\t\t\t\t\t\t\t<img loading=\"lazy\" decoding=\"async\" width=\"425\" height=\"637\" src=\"https:\/\/engadiner.it\/wp-content\/uploads\/2024\/10\/k21_wein.jpg\" class=\"attachment-full size-full wp-image-14342\" alt=\"\" srcset=\"https:\/\/engadiner.it\/wp-content\/uploads\/2024\/10\/k21_wein.jpg 425w, https:\/\/engadiner.it\/wp-content\/uploads\/2024\/10\/k21_wein-200x300.jpg 200w\" sizes=\"(max-width: 425px) 100vw, 425px\" \/>\t\t\t\t\t\t\t\t\t\t\t\t\t\t\t<\/div>\n\t\t\t\t<\/div>\n\t\t\t\t<div class=\"elementor-element elementor-element-e1b78ae elementor-widget elementor-widget-chalet_core_section_title\" data-id=\"e1b78ae\" data-element_type=\"widget\" data-widget_type=\"chalet_core_section_title.default\">\n\t\t\t\t<div class=\"elementor-widget-container\">\n\t\t\t\t\t<div class=\"qodef-shortcode qodef-m  qodef-section-title qodef-alignment--center   qodef--has-appear\">\n\t\t<h4 class=\"qodef-m-title\" >\n\t\t\t\t\tKerner \"K21\"\t\t\t<\/h4>\n\t\t<\/div>\n\t\t\t\t<\/div>\n\t\t\t\t<\/div>\n\t\t\t\t<div class=\"elementor-element elementor-element-44b363c elementor-widget__width-initial elementor-widget-mobile__width-inherit elementor-widget-tablet__width-inherit elementor-widget elementor-widget-qi_addons_for_elementor_section_title\" data-id=\"44b363c\" data-element_type=\"widget\" data-widget_type=\"qi_addons_for_elementor_section_title.default\">\n\t\t\t\t<div class=\"elementor-widget-container\">\n\t\t\t\t\t<div class=\"qodef-shortcode qodef-m qodef-qi-section-title qodef-decoration--italic qodef-link--underline-draw qodef-subtitle-icon--left\">\n\t\t\t\t\t\t\t\t<div class=\"qodef-m-text\"><p><strong>Il Kerner<\/strong> \u00e8 un incrocio tra <strong>Vernatsch<\/strong> e <strong>Riesling<\/strong>. Il Kerner \u00e8 una variet\u00e0 aromatica di <strong>vino bianco <\/strong>ed \u00e8 spesso definito colloquialmente come il fratello minore del <strong>Gew\u00fcrztraminer<\/strong>.<\/p><p>Il nome <strong>\"K21\"<\/strong> \u00e8 nato durante una divertente serata tra amici, quando \u00e8 stata aperta la nostra prima bottiglia di Kerner. Sulla bottiglia c'era scritto \"K21\" a pennarello e significava qualcosa come K per Kerner e 21 per l'annata. La prima annata rimarr\u00e0 sempre con noi.<\/p><\/div>\n\t<\/div>\n\t\t\t\t<\/div>\n\t\t\t\t<\/div>\n\t\t\t\t\t<\/div>\n\t\t<\/div>\n\t\t\t\t\t<\/div>\n\t\t<\/section>\n\t\t\t\t<section class=\"elementor-section elementor-top-section elementor-element elementor-element-7f5215a2 elementor-section-full_width qodef-elementor-content-grid elementor-section-height-default elementor-section-height-default\" data-id=\"7f5215a2\" data-element_type=\"section\" data-settings=\"{&quot;background_background&quot;:&quot;classic&quot;}\">\n\t\t\t\t\t\t<div class=\"elementor-container elementor-column-gap-default\">\n\t\t\t\t\t<div class=\"elementor-column elementor-col-100 elementor-top-column elementor-element elementor-element-177d7f88\" data-id=\"177d7f88\" data-element_type=\"column\">\n\t\t\t<div class=\"elementor-widget-wrap elementor-element-populated\">\n\t\t\t\t\t\t<div class=\"elementor-element elementor-element-66fe8982 elementor-widget__width-initial elementor-tabs-view-horizontal elementor-widget elementor-widget-tabs\" data-id=\"66fe8982\" data-element_type=\"widget\" data-widget_type=\"tabs.default\">\n\t\t\t\t<div class=\"elementor-widget-container\">\n\t\t\t\t\t\t\t<div class=\"elementor-tabs\">\n\t\t\t<div class=\"elementor-tabs-wrapper\" role=\"tablist\" >\n\t\t\t\t\t\t\t\t\t<div id=\"elementor-tab-title-1721\" class=\"elementor-tab-title elementor-tab-desktop-title\" aria-selected=\"true\" data-tab=\"1\" role=\"tab\" tabindex=\"0\" aria-controls=\"elementor-tab-content-1721\" aria-expanded=\"false\">Scheda tecnica<\/div>\n\t\t\t\t\t\t\t<\/div>\n\t\t\t<div class=\"elementor-tabs-content-wrapper\" role=\"tablist\" aria-orientation=\"vertical\">\n\t\t\t\t\t\t\t\t\t<div class=\"elementor-tab-title elementor-tab-mobile-title\" aria-selected=\"true\" data-tab=\"1\" role=\"tab\" tabindex=\"0\" aria-controls=\"elementor-tab-content-1721\" aria-expanded=\"false\">Scheda tecnica<\/div>\n\t\t\t\t\t<div id=\"elementor-tab-content-1721\" class=\"elementor-tab-content elementor-clearfix\" data-tab=\"1\" role=\"tabpanel\" aria-labelledby=\"elementor-tab-title-1721\" tabindex=\"0\" hidden=\"false\"><p><strong>Colore:<\/strong> giallo paglierino molto chiaro con riflessi verdognoli.<br \/><strong>Profumo:<\/strong> accompagnato da albicocca, agrumi e varie note floreali.<br \/><strong>Sapore:<\/strong> freschezza ed eleganza, che conferiscono al vino la bevibilit\u00e0 dovuta all&#8217;altitudine del vigneto. Succosit\u00e0 e struttura che, grazie ai terreni argillosi e argillosi, conferiscono al vino il suo carattere.<\/p><\/div>\n\t\t\t\t\t\t\t<\/div>\n\t\t<\/div>\n\t\t\t\t\t\t<\/div>\n\t\t\t\t<\/div>\n\t\t\t\t\t<\/div>\n\t\t<\/div>\n\t\t\t\t\t<\/div>\n\t\t<\/section>\n\t\t\t\t<\/div>\n\t\t","protected":false},"excerpt":{"rendered":"<p>Kerner &#8220;K21&#8221; Il Kerner \u00e8 un incrocio tra Vernatsch e Riesling. Il Kerner \u00e8 una variet\u00e0 aromatica di vino bianco ed \u00e8 spesso definito colloquialmente come il fratello minore del Gew\u00fcrztraminer. Il nome &#8220;K21&#8221; \u00e8 nato durante una divertente serata tra amici, quando \u00e8 stata aperta la nostra prima bottiglia di Kerner. Sulla bottiglia c&#8217;era [&hellip;]<\/p>\n","protected":false},"author":1,"featured_media":14318,"parent":0,"menu_order":0,"comment_status":"closed","ping_status":"closed","template":"","meta":{"footnotes":""},"class_list":["post-8926","page","type-page","status-publish","has-post-thumbnail","hentry"],"_links":{"self":[{"href":"https:\/\/engadiner.it\/it\/wp-json\/wp\/v2\/pages\/8926","targetHints":{"allow":["GET"]}}],"collection":[{"href":"https:\/\/engadiner.it\/it\/wp-json\/wp\/v2\/pages"}],"about":[{"href":"https:\/\/engadiner.it\/it\/wp-json\/wp\/v2\/types\/page"}],"author":[{"embeddable":true,"href":"https:\/\/engadiner.it\/it\/wp-json\/wp\/v2\/users\/1"}],"replies":[{"embeddable":true,"href":"https:\/\/engadiner.it\/it\/wp-json\/wp\/v2\/comments?post=8926"}],"version-history":[{"count":0,"href":"https:\/\/engadiner.it\/it\/wp-json\/wp\/v2\/pages\/8926\/revisions"}],"wp:featuredmedia":[{"embeddable":true,"href":"https:\/\/engadiner.it\/it\/wp-json\/wp\/v2\/media\/14318"}],"wp:attachment":[{"href":"https:\/\/engadiner.it\/it\/wp-json\/wp\/v2\/media?parent=8926"}],"curies":[{"name":"wp","href":"https:\/\/api.w.org\/{rel}","templated":true}]}}